{"id":434,"date":"2018-12-03T15:56:56","date_gmt":"2018-12-03T20:56:56","guid":{"rendered":"http:\/\/cardinjulien.com\/firme\/jean-francois-julien\/"},"modified":"2019-03-26T11:47:14","modified_gmt":"2019-03-26T15:47:14","slug":"jean-francois-julien","status":"publish","type":"page","link":"https:\/\/www.cardinjulien.com\/en\/firm\/jean-francois-julien\/","title":{"rendered":"Jean-Fran\u00e7ois Julien"},"content":{"rendered":"","protected":false},"excerpt":{"rendered":"","protected":false},"author":1,"featured_media":0,"parent":30,"menu_order":0,"comment_status":"closed","ping_status":"closed","template":"","meta":{"_acf_changed":false,"footnotes":""},"class_list":["post-434","page","type-page","status-publish","hentry"],"acf":[],"yoast_head":"<!-- This site is optimized with the Yoast SEO Premium plugin v24.7 (Yoast SEO v27.2) - https:\/\/yoast.com\/product\/yoast-seo-premium-wordpress\/ -->\n<title>Jean-Fran\u00e7ois Julien - Cardin Julien<\/title>\n<meta name=\"robots\" content=\"index, follow, max-snippet:-1, max-image-preview:large, max-video-preview:-1\" \/>\n<link rel=\"canonical\" href=\"https:\/\/www.cardinjulien.com\/en\/firm\/jean-francois-julien\/\" \/>\n<meta property=\"og:locale\" content=\"en_US\" \/>\n<meta property=\"og:type\" content=\"article\" \/>\n<meta property=\"og:title\" content=\"Jean-Fran\u00e7ois Julien\" \/>\n<meta property=\"og:url\" content=\"https:\/\/www.cardinjulien.com\/en\/firm\/jean-francois-julien\/\" \/>\n<meta property=\"og:site_name\" content=\"Cardin Julien\" \/>\n<meta property=\"article:publisher\" content=\"https:\/\/www.facebook.com\/Cardin-Julien-180896785258262\/\" \/>\n<meta property=\"article:modified_time\" content=\"2019-03-26T15:47:14+00:00\" \/>\n<meta name=\"twitter:card\" content=\"summary_large_image\" \/>\n<script type=\"application\/ld+json\" class=\"yoast-schema-graph\">{\"@context\":\"https:\/\/schema.org\",\"@graph\":[{\"@type\":\"WebPage\",\"@id\":\"https:\/\/www.cardinjulien.com\/en\/firm\/jean-francois-julien\/\",\"url\":\"https:\/\/www.cardinjulien.com\/en\/firm\/jean-francois-julien\/\",\"name\":\"Jean-Fran\u00e7ois Julien - Cardin Julien\",\"isPartOf\":{\"@id\":\"https:\/\/www.cardinjulien.com\/#website\"},\"datePublished\":\"2018-12-03T20:56:56+00:00\",\"dateModified\":\"2019-03-26T15:47:14+00:00\",\"breadcrumb\":{\"@id\":\"https:\/\/www.cardinjulien.com\/en\/firm\/jean-francois-julien\/#breadcrumb\"},\"inLanguage\":\"en-US\",\"potentialAction\":[{\"@type\":\"ReadAction\",\"target\":[\"https:\/\/www.cardinjulien.com\/en\/firm\/jean-francois-julien\/\"]}]},{\"@type\":\"BreadcrumbList\",\"@id\":\"https:\/\/www.cardinjulien.com\/en\/firm\/jean-francois-julien\/#breadcrumb\",\"itemListElement\":[{\"@type\":\"ListItem\",\"position\":1,\"name\":\"Accueil\",\"item\":\"https:\/\/www.cardinjulien.com\/en\/\"},{\"@type\":\"ListItem\",\"position\":2,\"name\":\"Firm\",\"item\":\"https:\/\/www.cardinjulien.com\/en\/firm\/\"},{\"@type\":\"ListItem\",\"position\":3,\"name\":\"Jean-Fran\u00e7ois Julien\"}]},{\"@type\":\"WebSite\",\"@id\":\"https:\/\/www.cardinjulien.com\/#website\",\"url\":\"https:\/\/www.cardinjulien.com\/\",\"name\":\"Cardin Julien\",\"description\":\"Co-cr\u00e9er pour r\u00e9v\u00e9ler le plein potentiel de vos id\u00e9es\",\"potentialAction\":[{\"@type\":\"SearchAction\",\"target\":{\"@type\":\"EntryPoint\",\"urlTemplate\":\"https:\/\/www.cardinjulien.com\/?s={search_term_string}\"},\"query-input\":{\"@type\":\"PropertyValueSpecification\",\"valueRequired\":true,\"valueName\":\"search_term_string\"}}],\"inLanguage\":\"en-US\"}]}<\/script>\n<!-- \/ Yoast SEO Premium plugin. -->","yoast_head_json":{"title":"Jean-Fran\u00e7ois Julien - Cardin Julien","robots":{"index":"index","follow":"follow","max-snippet":"max-snippet:-1","max-image-preview":"max-image-preview:large","max-video-preview":"max-video-preview:-1"},"canonical":"https:\/\/www.cardinjulien.com\/en\/firm\/jean-francois-julien\/","og_locale":"en_US","og_type":"article","og_title":"Jean-Fran\u00e7ois Julien","og_url":"https:\/\/www.cardinjulien.com\/en\/firm\/jean-francois-julien\/","og_site_name":"Cardin Julien","article_publisher":"https:\/\/www.facebook.com\/Cardin-Julien-180896785258262\/","article_modified_time":"2019-03-26T15:47:14+00:00","twitter_card":"summary_large_image","schema":{"@context":"https:\/\/schema.org","@graph":[{"@type":"WebPage","@id":"https:\/\/www.cardinjulien.com\/en\/firm\/jean-francois-julien\/","url":"https:\/\/www.cardinjulien.com\/en\/firm\/jean-francois-julien\/","name":"Jean-Fran\u00e7ois Julien - Cardin Julien","isPartOf":{"@id":"https:\/\/www.cardinjulien.com\/#website"},"datePublished":"2018-12-03T20:56:56+00:00","dateModified":"2019-03-26T15:47:14+00:00","breadcrumb":{"@id":"https:\/\/www.cardinjulien.com\/en\/firm\/jean-francois-julien\/#breadcrumb"},"inLanguage":"en-US","potentialAction":[{"@type":"ReadAction","target":["https:\/\/www.cardinjulien.com\/en\/firm\/jean-francois-julien\/"]}]},{"@type":"BreadcrumbList","@id":"https:\/\/www.cardinjulien.com\/en\/firm\/jean-francois-julien\/#breadcrumb","itemListElement":[{"@type":"ListItem","position":1,"name":"Accueil","item":"https:\/\/www.cardinjulien.com\/en\/"},{"@type":"ListItem","position":2,"name":"Firm","item":"https:\/\/www.cardinjulien.com\/en\/firm\/"},{"@type":"ListItem","position":3,"name":"Jean-Fran\u00e7ois Julien"}]},{"@type":"WebSite","@id":"https:\/\/www.cardinjulien.com\/#website","url":"https:\/\/www.cardinjulien.com\/","name":"Cardin Julien","description":"Co-cr\u00e9er pour r\u00e9v\u00e9ler le plein potentiel de vos id\u00e9es","potentialAction":[{"@type":"SearchAction","target":{"@type":"EntryPoint","urlTemplate":"https:\/\/www.cardinjulien.com\/?s={search_term_string}"},"query-input":{"@type":"PropertyValueSpecification","valueRequired":true,"valueName":"search_term_string"}}],"inLanguage":"en-US"}]}},"_links":{"self":[{"href":"https:\/\/www.cardinjulien.com\/en\/wp-json\/wp\/v2\/pages\/434","targetHints":{"allow":["GET"]}}],"collection":[{"href":"https:\/\/www.cardinjulien.com\/en\/wp-json\/wp\/v2\/pages"}],"about":[{"href":"https:\/\/www.cardinjulien.com\/en\/wp-json\/wp\/v2\/types\/page"}],"author":[{"embeddable":true,"href":"https:\/\/www.cardinjulien.com\/en\/wp-json\/wp\/v2\/users\/1"}],"replies":[{"embeddable":true,"href":"https:\/\/www.cardinjulien.com\/en\/wp-json\/wp\/v2\/comments?post=434"}],"version-history":[{"count":4,"href":"https:\/\/www.cardinjulien.com\/en\/wp-json\/wp\/v2\/pages\/434\/revisions"}],"predecessor-version":[{"id":1760,"href":"https:\/\/www.cardinjulien.com\/en\/wp-json\/wp\/v2\/pages\/434\/revisions\/1760"}],"up":[{"embeddable":true,"href":"https:\/\/www.cardinjulien.com\/en\/wp-json\/wp\/v2\/pages\/30"}],"wp:attachment":[{"href":"https:\/\/www.cardinjulien.com\/en\/wp-json\/wp\/v2\/media?parent=434"}],"curies":[{"name":"wp","href":"https:\/\/api.w.org\/{rel}","templated":true}]}}